{"id":753,"date":"2019-11-07T03:23:04","date_gmt":"2019-11-07T03:23:04","guid":{"rendered":"http:\/\/wpdemo.archiwp.com\/onum\/?page_id=753"},"modified":"2023-09-13T19:02:04","modified_gmt":"2023-09-13T19:02:04","slug":"hakkimizda","status":"publish","type":"page","link":"https:\/\/teknobi.net\/index.php\/hakkimizda\/","title":{"rendered":"HAKKIMIZDA"},"content":{"rendered":"\t\t<div data-elementor-type=\"wp-page\" data-elementor-id=\"753\" class=\"elementor elementor-753\">\n\t\t\t\t\t\t\t\t\t<section class=\"elementor-section elementor-top-section elementor-element elementor-element-588df14 elementor-section-content-middle elementor-section-boxed elementor-section-height-default elementor-section-height-default\" data-id=\"588df14\" data-element_type=\"section\">\n\t\t\t\t\t\t<div class=\"elementor-container elementor-column-gap-extended\">\n\t\t\t\t\t<div class=\"elementor-column elementor-col-50 elementor-top-column elementor-element elementor-element-de195c6 ot-flex-column-vertical\" data-id=\"de195c6\" data-element_type=\"column\">\n\t\t\t<div class=\"elementor-widget-wrap elementor-element-populated\">\n\t\t\t\t\t\t\t\t<div class=\"elementor-element elementor-element-7e57f00 elementor-widget elementor-widget-image\" data-id=\"7e57f00\" data-element_type=\"widget\" data-widget_type=\"image.default\">\n\t\t\t\t<div class=\"elementor-widget-container\">\n\t\t\t<style>\/*! elementor - v3.16.0 - 09-10-2023 *\/\n.elementor-widget-image{text-align:center}.elementor-widget-image a{display:inline-block}.elementor-widget-image a img[src$=\".svg\"]{width:48px}.elementor-widget-image img{vertical-align:middle;display:inline-block}<\/style>\t\t\t\t\t\t\t\t\t\t\t\t<img decoding=\"async\" loading=\"lazy\" width=\"596\" height=\"647\" src=\"https:\/\/teknobi.net\/wp-content\/uploads\/2019\/11\/about-image-1.png\" class=\"attachment-full size-full wp-image-757\" alt=\"\" srcset=\"https:\/\/teknobi.net\/wp-content\/uploads\/2019\/11\/about-image-1.png 596w, https:\/\/teknobi.net\/wp-content\/uploads\/2019\/11\/about-image-1-276x300.png 276w\" sizes=\"(max-width: 596px) 100vw, 596px\" \/>\t\t\t\t\t\t\t\t\t\t\t\t\t\t\t<\/div>\n\t\t\t\t<\/div>\n\t\t\t\t\t<\/div>\n\t\t<\/div>\n\t\t\t\t<div class=\"elementor-column elementor-col-50 elementor-top-column elementor-element elementor-element-233b0d2 ot-flex-column-vertical\" data-id=\"233b0d2\" data-element_type=\"column\">\n\t\t\t<div class=\"elementor-widget-wrap elementor-element-populated\">\n\t\t\t\t\t\t\t\t<div class=\"elementor-element elementor-element-fe5bc85 elementor-widget elementor-widget-iheading\" data-id=\"fe5bc85\" data-element_type=\"widget\" data-widget_type=\"iheading.default\">\n\t\t\t\t<div class=\"elementor-widget-container\">\n\t\t\t\t\t<div class=\"ot-heading left-align\">\r\n\t\t\t\r\n\t\t\t\t\r\n\r\n\t        \t            <h6 class=\"sub-heading\"><span>Biz Kimiz<\/span><\/h6>\r\n\t         \r\n\r\n\t        \t        \t<h2 class=\"main-heading\">Dijital D\u00fcnyaya\nBak\u0131\u015f A\u00e7\u0131n\u0131z\u0131 De\u011fi\u015ftiriyoruz<\/h2>\r\n\t        \t    <\/div>\r\n\t    \t\t<\/div>\n\t\t\t\t<\/div>\n\t\t\t\t<div class=\"elementor-element elementor-element-e6e8b3f elementor-widget elementor-widget-text-editor\" data-id=\"e6e8b3f\" data-element_type=\"widget\" data-widget_type=\"text-editor.default\">\n\t\t\t\t<div class=\"elementor-widget-container\">\n\t\t\t<style>\/*! elementor - v3.16.0 - 09-10-2023 *\/\n.elementor-widget-text-editor.elementor-drop-cap-view-stacked .elementor-drop-cap{background-color:#69727d;color:#fff}.elementor-widget-text-editor.elementor-drop-cap-view-framed .elementor-drop-cap{color:#69727d;border:3px solid;background-color:transparent}.elementor-widget-text-editor:not(.elementor-drop-cap-view-default) .elementor-drop-cap{margin-top:8px}.elementor-widget-text-editor:not(.elementor-drop-cap-view-default) .elementor-drop-cap-letter{width:1em;height:1em}.elementor-widget-text-editor .elementor-drop-cap{float:left;text-align:center;line-height:1;font-size:50px}.elementor-widget-text-editor .elementor-drop-cap-letter{display:inline-block}<\/style>\t\t\t\t<h6><strong>G\u00fc\u00e7l\u00fc Ekip \u2013 Disiplinli \u00c7al\u0131\u015fma<\/strong><\/h6><p style=\"color: #606060;\"><strong>TEKNOB\u0130<\/strong> ekibi olarak m\u00fc\u015fterilerimizin i\u015fletmelerini dijital \u00e7a\u011fda ba\u015far\u0131ya ta\u015f\u0131mak i\u00e7in uzmanla\u015fm\u0131\u015f bir dijital pazarlama ajans\u0131y\u0131z. Yarat\u0131c\u0131, yenilik\u00e7i ve sonu\u00e7 odakl\u0131 bir yakla\u015f\u0131m benimseyerek, m\u00fc\u015fterilerimizin pazarlama hedeflerini ger\u00e7ekle\u015ftirmelerine yard\u0131mc\u0131 oluyoruz.<\/p><p style=\"color: #606060;\">Ekip olarak, y\u0131llar\u0131n deneyimine sahibiz ve her birimiz kendi uzmanl\u0131k alan\u0131m\u0131zda uzman\u0131z. Marka stratejisi, sosyal medya y\u00f6netimi, arama motoru optimizasyonu, Google reklamc\u0131l\u0131\u011f\u0131 ve dijital analitik gibi bir dizi konuda uzmanl\u0131k ve deneyimimiz var. Bu nedenle, m\u00fc\u015fterilerimiz i\u00e7in \u00f6zel olarak tasarlanm\u0131\u015f ve \u00f6zelle\u015ftirilmi\u015f \u00e7\u00f6z\u00fcmler sunabiliriz.<\/p><p style=\"color: #606060;\">M\u00fc\u015fterilerimize sadece hizmetler sunmakla kalm\u0131yor, ayn\u0131 zamanda m\u00fc\u015fteri ili\u015fkilerine \u00f6nem veriyoruz. Her m\u00fc\u015fterimizle yak\u0131ndan \u00e7al\u0131\u015farak, i\u015fletmelerinin hedeflerine uygun \u00e7\u00f6z\u00fcmler sunuyoruz. Bu nedenle, m\u00fc\u015fterilerimiz bizi bir i\u015f orta\u011f\u0131 gibi g\u00f6r\u00fcyor ve uzun s\u00fcreli i\u015fbirli\u011fi ili\u015fkileri geli\u015ftiriyoruz.<\/p><p style=\"color: #606060;\">Misyonumuz, m\u00fc\u015fterilerimizin ihtiya\u00e7lar\u0131n\u0131 anlamak ve dijital d\u00fcnyada ba\u015far\u0131l\u0131 olmalar\u0131n\u0131 sa\u011flamak i\u00e7in m\u00fckemmel hizmet ve destek sunmakt\u0131r. \u0130\u015fletmenizi dijital \u00e7a\u011fa ta\u015f\u0131man\u0131za yard\u0131mc\u0131 olmak i\u00e7in buraday\u0131z. Bize kat\u0131l\u0131n ve ba\u015far\u0131ya giden dijital yolculu\u011funuzda yan\u0131n\u0131zda olal\u0131m.<\/p>\t\t\t\t\t\t<\/div>\n\t\t\t\t<\/div>\n\t\t\t\t\t<\/div>\n\t\t<\/div>\n\t\t\t\t\t\t\t<\/div>\n\t\t<\/section>\n\t\t\t\t<section class=\"elementor-section elementor-top-section elementor-element elementor-element-04ed802 elementor-section-boxed elementor-section-height-default elementor-section-height-default\" data-id=\"04ed802\" data-element_type=\"section\" data-settings=\"{&quot;background_background&quot;:&quot;classic&quot;}\">\n\t\t\t\t\t\t<div class=\"elementor-container elementor-column-gap-extended\">\n\t\t\t\t\t<div class=\"elementor-column elementor-col-100 elementor-top-column elementor-element elementor-element-eeba7e5 ot-flex-column-vertical\" data-id=\"eeba7e5\" data-element_type=\"column\">\n\t\t\t<div class=\"elementor-widget-wrap elementor-element-populated\">\n\t\t\t\t\t\t\t\t<section class=\"elementor-section elementor-inner-section elementor-element elementor-element-4edaf8b elementor-section-full_width elementor-section-height-default elementor-section-height-default\" data-id=\"4edaf8b\" data-element_type=\"section\">\n\t\t\t\t\t\t<div class=\"elementor-container elementor-column-gap-extended\">\n\t\t\t\t\t<div class=\"elementor-column elementor-col-33 elementor-inner-column elementor-element elementor-element-9b1c72c ot-flex-column-vertical\" data-id=\"9b1c72c\" data-element_type=\"column\">\n\t\t\t<div class=\"elementor-widget-wrap elementor-element-populated\">\n\t\t\t\t\t\t\t\t<div class=\"elementor-element elementor-element-a89a1cf elementor-widget elementor-widget-iservice_box\" data-id=\"a89a1cf\" data-element_type=\"widget\" data-widget_type=\"iservice_box.default\">\n\t\t\t\t<div class=\"elementor-widget-container\">\n\t\t\t\r\n\t\t\t\t<div class=\"service-box-s2 s-box elementor-animation-\">\r\n\t\t\t\t\t\t<div class=\"number-box\">\r\n\t\t        01\t        <\/div>\r\n\t        \t        <div class=\"content-box\">\r\n\t            <h5 class=\"service-box-title\">Ekip B\u00fct\u00fcnl\u00fc\u011f\u00fc<\/h5>\r\n\t            <p>\u00c7al\u0131\u015fanlar\u0131m\u0131z ekip b\u00fct\u00fcnl\u00fc\u011f\u00fc i\u00e7inde \u00e7al\u0131\u015farak sizlere hizmet vermektedir.<\/p>\r\n\t        <\/div>\r\n\t    <\/div>\r\n\t    \r\n\t    \t\t<\/div>\n\t\t\t\t<\/div>\n\t\t\t\t\t<\/div>\n\t\t<\/div>\n\t\t\t\t<div class=\"elementor-column elementor-col-33 elementor-inner-column elementor-element elementor-element-eab20bb ot-flex-column-vertical\" data-id=\"eab20bb\" data-element_type=\"column\">\n\t\t\t<div class=\"elementor-widget-wrap elementor-element-populated\">\n\t\t\t\t\t\t\t\t<div class=\"elementor-element elementor-element-1457aea elementor-widget elementor-widget-iservice_box\" data-id=\"1457aea\" data-element_type=\"widget\" data-widget_type=\"iservice_box.default\">\n\t\t\t\t<div class=\"elementor-widget-container\">\n\t\t\t\r\n\t\t\t\t<div class=\"service-box-s2 s-box elementor-animation-\">\r\n\t\t\t\t\t\t<div class=\"number-box\">\r\n\t\t        02\t        <\/div>\r\n\t        \t        <div class=\"content-box\">\r\n\t            <h5 class=\"service-box-title\">M\u00fc\u015fteri Odakl\u0131<\/h5>\r\n\t            <p>\u015eirket k\u00fclt\u00fcr\u00fc olarak her zaman m\u00fc\u015fteri odakl\u0131 \u00e7al\u0131\u015fmaya \u00f6zen g\u00f6steririz.<\/p>\r\n\t        <\/div>\r\n\t    <\/div>\r\n\t    \r\n\t    \t\t<\/div>\n\t\t\t\t<\/div>\n\t\t\t\t\t<\/div>\n\t\t<\/div>\n\t\t\t\t<div class=\"elementor-column elementor-col-33 elementor-inner-column elementor-element elementor-element-5a56d14 ot-flex-column-vertical\" data-id=\"5a56d14\" data-element_type=\"column\">\n\t\t\t<div class=\"elementor-widget-wrap elementor-element-populated\">\n\t\t\t\t\t\t\t\t<div class=\"elementor-element elementor-element-a2126dd elementor-widget elementor-widget-iservice_box\" data-id=\"a2126dd\" data-element_type=\"widget\" data-widget_type=\"iservice_box.default\">\n\t\t\t\t<div class=\"elementor-widget-container\">\n\t\t\t\r\n\t\t\t\t<div class=\"service-box-s2 s-box elementor-animation-\">\r\n\t\t\t\t\t\t<div class=\"number-box\">\r\n\t\t        03\t        <\/div>\r\n\t        \t        <div class=\"content-box\">\r\n\t            <h5 class=\"service-box-title\">Proje S\u00fcreci<\/h5>\r\n\t            <p>Proje boyunca t\u00fcm s\u00fcre\u00e7ler m\u00fc\u015fteri dahilinde yap\u0131lmaktad\u0131r<\/p>\r\n\t        <\/div>\r\n\t    <\/div>\r\n\t    \r\n\t    \t\t<\/div>\n\t\t\t\t<\/div>\n\t\t\t\t\t<\/div>\n\t\t<\/div>\n\t\t\t\t\t\t\t<\/div>\n\t\t<\/section>\n\t\t\t\t\t<\/div>\n\t\t<\/div>\n\t\t\t\t\t\t\t<\/div>\n\t\t<\/section>\n\t\t\t\t<section data-color=\"#fe4c1c,#00c3ff,#0160e7\" class=\"elementor-section elementor-top-section elementor-element elementor-element-d386179 particles-js elementor-section-boxed elementor-section-height-default elementor-section-height-default\" data-id=\"d386179\" data-element_type=\"section\" data-settings=\"{&quot;background_background&quot;:&quot;classic&quot;}\">\n\t\t\t\t\t\t<div class=\"elementor-container elementor-column-gap-default\">\n\t\t\t\t\t<div class=\"elementor-column elementor-col-100 elementor-top-column elementor-element elementor-element-469fdf5 ot-flex-column-vertical\" data-id=\"469fdf5\" data-element_type=\"column\">\n\t\t\t<div class=\"elementor-widget-wrap elementor-element-populated\">\n\t\t\t\t\t\t\t\t<section class=\"elementor-section elementor-inner-section elementor-element elementor-element-2f5ec21 elementor-section-full_width elementor-section-height-default elementor-section-height-default\" data-id=\"2f5ec21\" data-element_type=\"section\" data-settings=\"{&quot;background_background&quot;:&quot;classic&quot;}\">\n\t\t\t\t\t\t\t<div class=\"elementor-background-overlay\"><\/div>\n\t\t\t\t\t\t\t<div class=\"elementor-container elementor-column-gap-extended\">\n\t\t\t\t\t<div class=\"elementor-column elementor-col-25 elementor-inner-column elementor-element elementor-element-960a1dc ot-flex-column-vertical\" data-id=\"960a1dc\" data-element_type=\"column\">\n\t\t\t<div class=\"elementor-widget-wrap elementor-element-populated\">\n\t\t\t\t\t\t\t\t<div class=\"elementor-element elementor-element-a024fa3 elementor-widget elementor-widget-icounter\" data-id=\"a024fa3\" data-element_type=\"widget\" data-widget_type=\"icounter.default\">\n\t\t\t\t<div class=\"elementor-widget-container\">\n\t\t\t\t\t\t\t\t\t\t<div class=\"ot-counter s2 \">\r\n\t\t        \t<h6 class=\"counter-title\">AKT\u0130F M\u00dc\u015eTER\u0130<\/h6>\t\r\n\t\t        \t<div>\r\n\t\t        \t\t<span class=\"num\" data-to=\"118\" data-time= \"2000\"><\/span>\r\n\t\t        \t\t<span>+<\/span>\t\t        \t<\/div>\r\n\t\t\t    <\/div>\r\n\t\t    \t    \t\t<\/div>\n\t\t\t\t<\/div>\n\t\t\t\t\t<\/div>\n\t\t<\/div>\n\t\t\t\t<div class=\"elementor-column elementor-col-25 elementor-inner-column elementor-element elementor-element-1176a04 ot-flex-column-vertical\" data-id=\"1176a04\" data-element_type=\"column\">\n\t\t\t<div class=\"elementor-widget-wrap elementor-element-populated\">\n\t\t\t\t\t\t\t\t<div class=\"elementor-element elementor-element-0cac477 elementor-widget elementor-widget-icounter\" data-id=\"0cac477\" data-element_type=\"widget\" data-widget_type=\"icounter.default\">\n\t\t\t\t<div class=\"elementor-widget-container\">\n\t\t\t\t\t\t\t\t\t\t<div class=\"ot-counter s2 \">\r\n\t\t        \t<h6 class=\"counter-title\">TAMAMLANMI\u015e PROJE<\/h6>\t\r\n\t\t        \t<div>\r\n\t\t        \t\t<span class=\"num\" data-to=\"852\" data-time= \"2000\"><\/span>\r\n\t\t        \t\t<span>+<\/span>\t\t        \t<\/div>\r\n\t\t\t    <\/div>\r\n\t\t    \t    \t\t<\/div>\n\t\t\t\t<\/div>\n\t\t\t\t\t<\/div>\n\t\t<\/div>\n\t\t\t\t<div class=\"elementor-column elementor-col-25 elementor-inner-column elementor-element elementor-element-735dced ot-flex-column-vertical\" data-id=\"735dced\" data-element_type=\"column\">\n\t\t\t<div class=\"elementor-widget-wrap elementor-element-populated\">\n\t\t\t\t\t\t\t\t<div class=\"elementor-element elementor-element-bafa3d8 elementor-widget elementor-widget-icounter\" data-id=\"bafa3d8\" data-element_type=\"widget\" data-widget_type=\"icounter.default\">\n\t\t\t\t<div class=\"elementor-widget-container\">\n\t\t\t\t\t\t\t\t\t\t<div class=\"ot-counter s2 \">\r\n\t\t        \t<h6 class=\"counter-title\">TAKIM DENEY\u0130M\u0130<\/h6>\t\r\n\t\t        \t<div>\r\n\t\t        \t\t<span class=\"num\" data-to=\"26\" data-time= \"2000\"><\/span>\r\n\t\t        \t\t<span>+<\/span>\t\t        \t<\/div>\r\n\t\t\t    <\/div>\r\n\t\t    \t    \t\t<\/div>\n\t\t\t\t<\/div>\n\t\t\t\t\t<\/div>\n\t\t<\/div>\n\t\t\t\t<div class=\"elementor-column elementor-col-25 elementor-inner-column elementor-element elementor-element-eeca964 ot-flex-column-vertical\" data-id=\"eeca964\" data-element_type=\"column\">\n\t\t\t<div class=\"elementor-widget-wrap elementor-element-populated\">\n\t\t\t\t\t\t\t\t<div class=\"elementor-element elementor-element-328520c elementor-widget elementor-widget-icounter\" data-id=\"328520c\" data-element_type=\"widget\" data-widget_type=\"icounter.default\">\n\t\t\t\t<div class=\"elementor-widget-container\">\n\t\t\t\t\t\t\t\t\t\t<div class=\"ot-counter s2 \">\r\n\t\t        \t<h6 class=\"counter-title\">AJANS DENEY\u0130M\u0130<\/h6>\t\r\n\t\t        \t<div>\r\n\t\t        \t\t<span class=\"num\" data-to=\"58\" data-time= \"2000\"><\/span>\r\n\t\t        \t\t<span>+<\/span>\t\t        \t<\/div>\r\n\t\t\t    <\/div>\r\n\t\t    \t    \t\t<\/div>\n\t\t\t\t<\/div>\n\t\t\t\t\t<\/div>\n\t\t<\/div>\n\t\t\t\t\t\t\t<\/div>\n\t\t<\/section>\n\t\t\t\t\t<\/div>\n\t\t<\/div>\n\t\t\t\t\t\t\t<\/div>\n\t\t<\/section>\n\t\t\t\t\t\t\t<\/div>\n\t\t","protected":false},"excerpt":{"rendered":"<p>Biz Kimiz Dijital D\u00fcnyaya Bak\u0131\u015f A\u00e7\u0131n\u0131z\u0131 De\u011fi\u015ftiriyoruz G\u00fc\u00e7l\u00fc Ekip \u2013 Disiplinli \u00c7al\u0131\u015fma TEKNOB\u0130 ekibi olarak m\u00fc\u015fterilerimizin i\u015fletmelerini dijital \u00e7a\u011fda ba\u015far\u0131ya ta\u015f\u0131mak i\u00e7in uzmanla\u015fm\u0131\u015f bir dijital pazarlama ajans\u0131y\u0131z. Yarat\u0131c\u0131, yenilik\u00e7i ve sonu\u00e7 odakl\u0131 bir yakla\u015f\u0131m benimseyerek, m\u00fc\u015fterilerimizin pazarlama hedeflerini ger\u00e7ekle\u015ftirmelerine yard\u0131mc\u0131 oluyoruz. Ekip olarak, y\u0131llar\u0131n deneyimine sahibiz ve her birimiz kendi uzmanl\u0131k alan\u0131m\u0131zda uzman\u0131z. Marka stratejisi, [&hellip;]<\/p>\n","protected":false},"author":1,"featured_media":0,"parent":0,"menu_order":0,"comment_status":"closed","ping_status":"closed","template":"","meta":{"footnotes":""},"aioseo_notices":[],"_links":{"self":[{"href":"https:\/\/teknobi.net\/index.php\/wp-json\/wp\/v2\/pages\/753"}],"collection":[{"href":"https:\/\/teknobi.net\/index.php\/wp-json\/wp\/v2\/pages"}],"about":[{"href":"https:\/\/teknobi.net\/index.php\/wp-json\/wp\/v2\/types\/page"}],"author":[{"embeddable":true,"href":"https:\/\/teknobi.net\/index.php\/wp-json\/wp\/v2\/users\/1"}],"replies":[{"embeddable":true,"href":"https:\/\/teknobi.net\/index.php\/wp-json\/wp\/v2\/comments?post=753"}],"version-history":[{"count":16,"href":"https:\/\/teknobi.net\/index.php\/wp-json\/wp\/v2\/pages\/753\/revisions"}],"predecessor-version":[{"id":4743,"href":"https:\/\/teknobi.net\/index.php\/wp-json\/wp\/v2\/pages\/753\/revisions\/4743"}],"wp:attachment":[{"href":"https:\/\/teknobi.net\/index.php\/wp-json\/wp\/v2\/media?parent=753"}],"curies":[{"name":"wp","href":"https:\/\/api.w.org\/{rel}","templated":true}]}}